{"id":99,"date":"2017-03-31T10:59:49","date_gmt":"2017-03-31T08:59:49","guid":{"rendered":"http:\/\/www.healthtech.pl\/?page_id=99"},"modified":"2021-10-25T08:53:09","modified_gmt":"2021-10-25T06:53:09","slug":"molecubes","status":"publish","type":"page","link":"https:\/\/www.healthtech.pl\/?page_id=99","title":{"rendered":"Molecubes"},"content":{"rendered":"\n<h1 class=\"wp-block-heading\"><strong>Badania przedkliniczne SPECT\/CT i PET\/CT z u\u017cyciem wysoko-wydajnych system\u00f3w obrazowania.<\/strong><\/h1>\n\n\n\n<div class=\"wp-block-image\"><figure class=\"aligncenter\"><img loading=\"lazy\" decoding=\"async\" width=\"251\" height=\"300\" src=\"http:\/\/www.healthtech.pl\/wp-content\/uploads\/2017\/03\/White_Front_metBedje-251x300.jpg\" alt=\"\" class=\"wp-image-162\" srcset=\"https:\/\/www.healthtech.pl\/wp-content\/uploads\/2017\/03\/White_Front_metBedje-251x300.jpg 251w, https:\/\/www.healthtech.pl\/wp-content\/uploads\/2017\/03\/White_Front_metBedje-768x917.jpg 768w, https:\/\/www.healthtech.pl\/wp-content\/uploads\/2017\/03\/White_Front_metBedje-857x1024.jpg 857w\" sizes=\"auto, (max-width: 251px) 100vw, 251px\" \/><\/figure><\/div>\n\n\n\n<p>Niewielkie rozmiary sze\u015bciennych modu\u0142\u00f3w (CUBE) umo\u017cliwiaj\u0105 ich ustawienie i prac\u0119 na sto\u0142ach laboratoryjnych. Modularna koncepcja budowy aparat\u00f3w do prowadzenia bada\u0144 ca\u0142ego cia\u0142a myszy i szczur\u00f3w umo\u017cliwia rozw\u00f3j laboratorium w zale\u017cno\u015bci od potrzeb. Aparatura zapewnia uzyskiwanie obraz\u00f3w o najwy\u017cszej jako\u015bci przy utrzymaniu wydajno\u015bci, funkcjonalno\u015bci i obs\u0142ugi dzi\u0119ki intuicyjnemu oprogramowaniu.<\/p>\n\n\n\n<p>Systemy s\u0105 wyposa\u017cone w palety \/ kapsu\u0142y dla ma\u0142ych zwierz\u0105t, w kt\u00f3rych monitorowane s\u0105 ich \u017cyciowe funkcje a zastosowane rozwi\u0105zanie jest kompatybilne z systemami obrazowania MR. Obrazy diagnostyczne uzyskiwane w r\u00f3\u017cnych aparatach podlegaj\u0105 automatycznej rejestracji (fuzji). Po akwizycji, rekonstrukcji i fuzji obraz\u00f3w dane s\u0105 kompatybilne z wi\u0119kszo\u015bci\u0105 program\u00f3w s\u0142u\u017c\u0105cych do analizy obraz\u00f3w, dost\u0119pnych na rynku.<\/p>\n\n\n\n<figure class=\"wp-block-image\"><img loading=\"lazy\" decoding=\"async\" width=\"945\" height=\"699\" src=\"http:\/\/www.healthtech.pl\/wp-content\/uploads\/2017\/03\/Rat-PET-10.29-MBq-18FNaF-MIP-.png\" alt=\"\" class=\"wp-image-160\" srcset=\"https:\/\/www.healthtech.pl\/wp-content\/uploads\/2017\/03\/Rat-PET-10.29-MBq-18FNaF-MIP-.png 945w, https:\/\/www.healthtech.pl\/wp-content\/uploads\/2017\/03\/Rat-PET-10.29-MBq-18FNaF-MIP--300x222.png 300w, https:\/\/www.healthtech.pl\/wp-content\/uploads\/2017\/03\/Rat-PET-10.29-MBq-18FNaF-MIP--768x568.png 768w\" sizes=\"auto, (max-width: 706px) 89vw, (max-width: 767px) 82vw, 740px\" \/><\/figure>\n\n\n\n<p><strong>X-CUBE (CT)<\/strong><\/p>\n\n\n\n<div class=\"wp-block-image\"><figure class=\"alignright is-resized\"><img decoding=\"async\" src=\"http:\/\/www.healthtech.pl\/wp-content\/uploads\/2017\/03\/Mouse-high-resolution-contrast-enhanced-CT-Exitron-12000-MIP-slice-thickness-2-mm-150x150.png\" alt=\"\" class=\"wp-image-163\" width=\"130\" srcset=\"https:\/\/www.healthtech.pl\/wp-content\/uploads\/2017\/03\/Mouse-high-resolution-contrast-enhanced-CT-Exitron-12000-MIP-slice-thickness-2-mm-150x150.png 150w, https:\/\/www.healthtech.pl\/wp-content\/uploads\/2017\/03\/Mouse-high-resolution-contrast-enhanced-CT-Exitron-12000-MIP-slice-thickness-2-mm-100x100.png 100w\" sizes=\"(max-width: 150px) 100vw, 150px\" \/><\/figure><\/div>\n\n\n\n<p>Ma\u0142y aparat tomografii komputerowej przeznaczony dla ma\u0142ych zwierz\u0105t.&nbsp;Pozwala na szybk\u0105 akwizycj\u0119 ca\u0142ego cia\u0142a przy zastosowaniu bardzo ma\u0142ej dawki i doskona\u0142ym kontra\u015bcie tkanek mi\u0119kkich. Dzi\u0119ki zastosowaniu nowych technologii urz\u0105dzenie jest lekkie co czyni z niego mobilny skaner in-vivo. &nbsp; Techniki rekonstrukcji s\u0105 dost\u0119pne w standardowym jak i profesjonalnym trybie u\u017cytkownika. Zastosowanie ma\u0142ego \u0142\u00f3\u017cka zwierz\u0119cego pozwala na obrazowanie wraz z&nbsp;\u03b2-CUBE (PET) i&nbsp;\u03b3-CUBE (SPECT).<\/p>\n\n\n\n<ul class=\"wp-block-list\"><li>Pole widzenia: 35 x 63 mm<\/li><li>Rozdzielczo\u015b\u0107 przestrzenna: 0.05 mm<\/li><li>&nbsp;Rodzaj rekonstrukcji: FDK, ISRA<\/li><li>Waga: 106 kg<\/li><\/ul>\n\n\n\n<p><strong>\u03b3-CUBE (SPECT)<\/strong><\/p>\n\n\n\n<div class=\"wp-block-image\"><figure class=\"alignright is-resized\"><img decoding=\"async\" src=\"http:\/\/www.healthtech.pl\/wp-content\/uploads\/2017\/03\/Molecubes_Brochure_Y-CubeSPECT-114x300.png\" alt=\"\" class=\"wp-image-164\" width=\"130\" srcset=\"https:\/\/www.healthtech.pl\/wp-content\/uploads\/2017\/03\/Molecubes_Brochure_Y-CubeSPECT-114x300.png 114w, https:\/\/www.healthtech.pl\/wp-content\/uploads\/2017\/03\/Molecubes_Brochure_Y-CubeSPECT-391x1024.png 391w, https:\/\/www.healthtech.pl\/wp-content\/uploads\/2017\/03\/Molecubes_Brochure_Y-CubeSPECT.png 498w\" sizes=\"(max-width: 114px) 100vw, 114px\" \/><\/figure><\/div>\n\n\n\n<p>Wysokiej czu\u0142o\u015bci i wysokiej rozdzielczo\u015bci aparat SPECT umo\u017cliwiaj\u0105cy&nbsp;badanie ca\u0142ego cia\u0142a szczur\u00f3w i myszy. Technologia lofthole oraz kolimatory spiekane laserowo w po\u0142\u0105czeniu z detektorem wysokiej rozdzielczo\u015bci daj\u0105 wysokiej jako\u015bci aparat do obrazowania. Do\u0142\u0105czony software gwarantuje szybkie obrazowanie i doskona\u0142\u0105 jako\u015b\u0107 obrazu. W badaniach mo\u017cna stosowa\u0107 wszystkie typowe radiofarmaceutyki diagnostyczne i terapeutyczne. Dzi\u0119ki zastosowanemu ma\u0142emu \u0142\u00f3\u017cku zwierz\u0119cemu istnieje mo\u017cliwo\u015b\u0107 \u0142atwego obrazowania wraz z&nbsp;\u03b2-CUBE (PET) i X-CUBE (CT).<\/p>\n\n\n\n<ul class=\"wp-block-list\"><li>Pole widzenia: 12 x 30 mm<\/li><li>Rozdzielczo\u015b\u0107 przestrzenna: &lt;0.6 mm<\/li><li>Czu\u0142o\u015b\u0107: 0.12%<\/li><li>Rodzaj rekonstrukcji: 3D MLEM, 3D OSEM<\/li><li>Waga: 75 kg<\/li><\/ul>\n\n\n\n<p><strong>\u03b2-CUBE (PET)<\/strong><\/p>\n\n\n\n<div class=\"wp-block-image\"><figure class=\"alignright is-resized\"><img decoding=\"async\" src=\"http:\/\/www.healthtech.pl\/wp-content\/uploads\/2017\/03\/Molecubes_Brochure_B-CubePET_2-159x300.png\" alt=\"\" class=\"wp-image-165\" width=\"130\" srcset=\"https:\/\/www.healthtech.pl\/wp-content\/uploads\/2017\/03\/Molecubes_Brochure_B-CubePET_2-159x300.png 159w, https:\/\/www.healthtech.pl\/wp-content\/uploads\/2017\/03\/Molecubes_Brochure_B-CubePET_2-543x1024.png 543w, https:\/\/www.healthtech.pl\/wp-content\/uploads\/2017\/03\/Molecubes_Brochure_B-CubePET_2.png 708w\" sizes=\"(max-width: 159px) 100vw, 159px\" \/><\/figure><\/div>\n\n\n\n<p>Wysokiej jako\u015bci przedkliniczny skaner PET. Zastosowanie scyntylator\u00f3w&nbsp;&nbsp;monolitycznych, ostatnich technologii zliczania foton\u00f3w i pozycjonowania zdarze\u0144 przy u\u017cyciu GPU pozwoli\u0142o na osi\u0105gni\u0119cie rozdzielczo\u015bci obrazu w milimetrach. Urz\u0105dzenie zosta\u0142o wyposa\u017cone w 5 pier\u015bcieni detektor\u00f3w, co zapewnia najlepsz\u0105 w swojej klasie czu\u0142o\u015b\u0107 dla badania ca\u0142ego cia\u0142a myszy i szczur\u00f3w. Zastosowanie ma\u0142ego \u0142\u00f3\u017cka pozwala na integracje aparatu wraz z innymi urz\u0105dzeniami :&nbsp;X-CUBE (CT) i&nbsp;\u03b3-CUBE (SPECT).<\/p>\n\n\n\n<ul class=\"wp-block-list\"><li>Pole widzenia: 130 x 72 mm<\/li><li>Rozdzielczo\u015b\u0107 przestrzenna: &lt;1 mm<\/li><li>Czu\u0142o\u015b\u0107: &gt;10%<\/li><li>Rodzaj rekonstrukcji: FBP, 3D MLEM, 3D OSEM<\/li><li>Waga: 78 kg<\/li><\/ul>\n\n\n\n<p>Wi\u0119cej informacji:<\/p>\n\n\n\n<figure class=\"wp-block-image\"><a href=\"http:\/\/www.molecubes.com\"><img loading=\"lazy\" decoding=\"async\" width=\"250\" height=\"104\" src=\"http:\/\/www.healthtech.pl\/wp-content\/uploads\/2017\/03\/molecubes-logo_250px.jpg\" alt=\"\" class=\"wp-image-161\"\/><\/a><\/figure>\n","protected":false},"excerpt":{"rendered":"<p>Badania przedkliniczne SPECT\/CT i PET\/CT z u\u017cyciem wysoko-wydajnych system\u00f3w obrazowania. Niewielkie rozmiary sze\u015bciennych modu\u0142\u00f3w (CUBE) umo\u017cliwiaj\u0105 ich ustawienie i prac\u0119 na sto\u0142ach laboratoryjnych. Modularna koncepcja budowy aparat\u00f3w do prowadzenia bada\u0144 ca\u0142ego cia\u0142a myszy i szczur\u00f3w umo\u017cliwia rozw\u00f3j laboratorium w zale\u017cno\u015bci od potrzeb. Aparatura zapewnia uzyskiwanie obraz\u00f3w o najwy\u017cszej jako\u015bci przy utrzymaniu wydajno\u015bci, funkcjonalno\u015bci i obs\u0142ugi &hellip; <\/p>\n<p class=\"link-more\"><a href=\"https:\/\/www.healthtech.pl\/?page_id=99\" class=\"more-link\">Czytaj dalej<span class=\"screen-reader-text\"> Molecubes<\/span><\/a><\/p>\n","protected":false},"author":1,"featured_media":0,"parent":0,"menu_order":0,"comment_status":"closed","ping_status":"closed","template":"","meta":{"footnotes":""},"class_list":["post-99","page","type-page","status-publish","hentry"],"_links":{"self":[{"href":"https:\/\/www.healthtech.pl\/index.php?rest_route=\/wp\/v2\/pages\/99","targetHints":{"allow":["GET"]}}],"collection":[{"href":"https:\/\/www.healthtech.pl\/index.php?rest_route=\/wp\/v2\/pages"}],"about":[{"href":"https:\/\/www.healthtech.pl\/index.php?rest_route=\/wp\/v2\/types\/page"}],"author":[{"embeddable":true,"href":"https:\/\/www.healthtech.pl\/index.php?rest_route=\/wp\/v2\/users\/1"}],"replies":[{"embeddable":true,"href":"https:\/\/www.healthtech.pl\/index.php?rest_route=%2Fwp%2Fv2%2Fcomments&post=99"}],"version-history":[{"count":11,"href":"https:\/\/www.healthtech.pl\/index.php?rest_route=\/wp\/v2\/pages\/99\/revisions"}],"predecessor-version":[{"id":575,"href":"https:\/\/www.healthtech.pl\/index.php?rest_route=\/wp\/v2\/pages\/99\/revisions\/575"}],"wp:attachment":[{"href":"https:\/\/www.healthtech.pl\/index.php?rest_route=%2Fwp%2Fv2%2Fmedia&parent=99"}],"curies":[{"name":"wp","href":"https:\/\/api.w.org\/{rel}","templated":true}]}}