{"id":97,"date":"2017-03-31T10:59:29","date_gmt":"2017-03-31T08:59:29","guid":{"rendered":"http:\/\/www.healthtech.pl\/?page_id=97"},"modified":"2019-10-28T19:32:23","modified_gmt":"2019-10-28T18:32:23","slug":"comecer","status":"publish","type":"page","link":"https:\/\/www.healthtech.pl\/?page_id=97","title":{"rendered":"Comecer"},"content":{"rendered":"<h1><strong>Comecer SpA<\/strong><\/h1>\n<p><img loading=\"lazy\" decoding=\"async\" class=\"alignnone wp-image-153 size-full\" src=\"http:\/\/www.healthtech.pl\/wp-content\/uploads\/2017\/03\/thecla-dispensing-system-working-chamber-780x520.png\" alt=\"\" width=\"780\" height=\"520\" srcset=\"https:\/\/www.healthtech.pl\/wp-content\/uploads\/2017\/03\/thecla-dispensing-system-working-chamber-780x520.png 780w, https:\/\/www.healthtech.pl\/wp-content\/uploads\/2017\/03\/thecla-dispensing-system-working-chamber-780x520-300x200.png 300w, https:\/\/www.healthtech.pl\/wp-content\/uploads\/2017\/03\/thecla-dispensing-system-working-chamber-780x520-768x512.png 768w\" sizes=\"auto, (max-width: 706px) 89vw, (max-width: 767px) 82vw, 740px\" \/><\/p>\n<p>Comecer SpA jest w\u0142osk\u0105 firm\u0105 za\u0142o\u017con\u0105 w 1970 roku. Dzia\u0142a g\u0142\u00f3wnie w dziedzinie medycyny nuklearnej i specjalizuje si\u0119 w systemach zarz\u0105dzania, przetwarzania i rozdozowywania w produkcji radiofarmaceutyk\u00f3w. Misj\u0105 firmy jest zaprojektowa\u0107 i wyprodukowa\u0107 systemy zaawansowane technologicznie dla medycyny nuklearnej, technologii izolacji oraz wyposa\u017cenia elektrowni j\u0105drowych.<\/p>\n<ul>\n<li><strong>Medycyna nuklearna i Radiochemia<\/strong><\/li>\n<\/ul>\n<p>Firma Comecer SpA projektuje i produkuje systemy i urz\u0105dzenia do bezpiecznego post\u0119powania z substancjami promieniotw\u00f3rczymi <img loading=\"lazy\" decoding=\"async\" class=\"wp-image-146 size-medium alignright\" src=\"http:\/\/www.healthtech.pl\/wp-content\/uploads\/2017\/03\/phaedra-dispensing-hot-cell-780x758-300x292.png\" alt=\"\" width=\"300\" height=\"292\" srcset=\"https:\/\/www.healthtech.pl\/wp-content\/uploads\/2017\/03\/phaedra-dispensing-hot-cell-780x758-300x292.png 300w, https:\/\/www.healthtech.pl\/wp-content\/uploads\/2017\/03\/phaedra-dispensing-hot-cell-780x758-768x746.png 768w, https:\/\/www.healthtech.pl\/wp-content\/uploads\/2017\/03\/phaedra-dispensing-hot-cell-780x758.png 780w\" sizes=\"auto, (max-width: 300px) 100vw, 300px\" \/>stosowanymi w medycynie nuklearnej. Comecer jest liderem w dziedzinie radiochemii, gdzie tworzy zaawansowane systemy ochraniaj\u0105ce dla du\u017cych firm przemys\u0142owych i organizacji badawczych. W ofercie firmy znale\u017a\u0107 mo\u017cna dyspensery, komory gor\u0105ce, kalibratory dawek, modu\u0142y syntezy, systemy pomiar\u00f3w i monitorowania oraz inne systemy znajduj\u0105ce zastosowanie w dziedzinach medycyny nuklearnej i radiochemii.<\/p>\n<p>&nbsp;<\/p>\n<p>Wi\u0119cej informacji:<\/p>\n<p><a href=\"https:\/\/www.comecer.com\"><img loading=\"lazy\" decoding=\"async\" class=\"alignnone size-full wp-image-142\" src=\"http:\/\/www.healthtech.pl\/wp-content\/uploads\/2017\/03\/comecer.png\" alt=\"\" width=\"277\" height=\"100\" \/><\/a><\/p>\n","protected":false},"excerpt":{"rendered":"<p>Comecer SpA Comecer SpA jest w\u0142osk\u0105 firm\u0105 za\u0142o\u017con\u0105 w 1970 roku. Dzia\u0142a g\u0142\u00f3wnie w dziedzinie medycyny nuklearnej i specjalizuje si\u0119 w systemach zarz\u0105dzania, przetwarzania i rozdozowywania w produkcji radiofarmaceutyk\u00f3w. Misj\u0105 firmy jest zaprojektowa\u0107 i wyprodukowa\u0107 systemy zaawansowane technologicznie dla medycyny nuklearnej, technologii izolacji oraz wyposa\u017cenia elektrowni j\u0105drowych. Medycyna nuklearna i Radiochemia Firma Comecer SpA projektuje &hellip; <\/p>\n<p class=\"link-more\"><a href=\"https:\/\/www.healthtech.pl\/?page_id=97\" class=\"more-link\">Czytaj dalej<span class=\"screen-reader-text\"> Comecer<\/span><\/a><\/p>\n","protected":false},"author":1,"featured_media":0,"parent":0,"menu_order":0,"comment_status":"closed","ping_status":"closed","template":"","meta":{"footnotes":""},"class_list":["post-97","page","type-page","status-publish","hentry"],"_links":{"self":[{"href":"https:\/\/www.healthtech.pl\/index.php?rest_route=\/wp\/v2\/pages\/97","targetHints":{"allow":["GET"]}}],"collection":[{"href":"https:\/\/www.healthtech.pl\/index.php?rest_route=\/wp\/v2\/pages"}],"about":[{"href":"https:\/\/www.healthtech.pl\/index.php?rest_route=\/wp\/v2\/types\/page"}],"author":[{"embeddable":true,"href":"https:\/\/www.healthtech.pl\/index.php?rest_route=\/wp\/v2\/users\/1"}],"replies":[{"embeddable":true,"href":"https:\/\/www.healthtech.pl\/index.php?rest_route=%2Fwp%2Fv2%2Fcomments&post=97"}],"version-history":[{"count":6,"href":"https:\/\/www.healthtech.pl\/index.php?rest_route=\/wp\/v2\/pages\/97\/revisions"}],"predecessor-version":[{"id":295,"href":"https:\/\/www.healthtech.pl\/index.php?rest_route=\/wp\/v2\/pages\/97\/revisions\/295"}],"wp:attachment":[{"href":"https:\/\/www.healthtech.pl\/index.php?rest_route=%2Fwp%2Fv2%2Fmedia&parent=97"}],"curies":[{"name":"wp","href":"https:\/\/api.w.org\/{rel}","templated":true}]}}