{"id":520,"date":"2021-01-21T09:31:13","date_gmt":"2021-01-21T08:31:13","guid":{"rendered":"http:\/\/www.healthtech.pl\/?page_id=520"},"modified":"2021-01-30T10:07:11","modified_gmt":"2021-01-30T09:07:11","slug":"iba-dosimetry","status":"publish","type":"page","link":"https:\/\/www.healthtech.pl\/?page_id=520","title":{"rendered":"IBA Dosimetry"},"content":{"rendered":"\n<h1 class=\"wp-block-heading\"><strong>IBA Dosimetry<\/strong><\/h1>\n\n\n\n<figure class=\"wp-block-image size-large\"><img loading=\"lazy\" decoding=\"async\" width=\"1024\" height=\"437\" src=\"http:\/\/www.healthtech.pl\/wp-content\/uploads\/2021\/01\/IBA_dosimetry1-1024x437.png\" alt=\"\" class=\"wp-image-527\" srcset=\"https:\/\/www.healthtech.pl\/wp-content\/uploads\/2021\/01\/IBA_dosimetry1-1024x437.png 1024w, https:\/\/www.healthtech.pl\/wp-content\/uploads\/2021\/01\/IBA_dosimetry1-300x128.png 300w, https:\/\/www.healthtech.pl\/wp-content\/uploads\/2021\/01\/IBA_dosimetry1-768x328.png 768w, https:\/\/www.healthtech.pl\/wp-content\/uploads\/2021\/01\/IBA_dosimetry1.png 1140w\" sizes=\"auto, (max-width: 706px) 89vw, (max-width: 767px) 82vw, 740px\" \/><\/figure>\n\n\n\n<p>Firma IBA Dosimetry oferuje pe\u0142n\u0105 palet\u0119 zintegrowanych i innowacyjnych rozwi\u0105za\u0144 w zakresie zapewnienia jako\u015bci (QA), procedur kalibracji, a tak\u017ce us\u0142ug i szkole\u0144 maksymalizuj\u0105cych efektywno\u015b\u0107 i bezpiecze\u0144stwo pacjenta w radioterapii i obrazowaniu medycznym.<\/p>\n\n\n\n<ul class=\"wp-block-list\" id=\"block-57316614-2bb6-4705-81ed-46f064001080\"><li>Firma IBA Dosimetry jest cz\u0142onkiem inicjatywy \u201cIndependent Quality Assurance\u201d, kt\u00f3rej celem s\u0105:<ul><li>Rozwi\u0105zania niezale\u017cne od producent\u00f3w system\u00f3w RT<\/li><\/ul><ul><li>Otwarty i bezp\u0142atny dost\u0119p do \u017ar\u00f3de\u0142 danych<\/li><li>Por\u00f3wnanie wynik\u00f3w dla r\u00f3\u017cnych system\u00f3w RT i producent\u00f3w<\/li><li>\u0141\u0105czno\u015b\u0107 system\u00f3w RT za po\u015brednictwem udokumentowanych interfejs\u00f3w i popularnych format\u00f3w, takich jak DICOM<\/li><li>Kontrola jako\u015bci oparta na parametrach fizycznych, takich jak promie\u0144, \u015bwiat\u0142o, po\u0142o\u017cenie \u0142\u00f3\u017cka pacjenta itp.<\/li><\/ul><\/li><\/ul>\n\n\n\n<p class=\"has-text-align-center\"><strong>Pomiary, integracja, automatyzacja i przewidywanie<\/strong><\/p>\n\n\n\n<div class=\"wp-block-image\"><figure class=\"aligncenter size-large is-resized\"><img loading=\"lazy\" decoding=\"async\" src=\"http:\/\/www.healthtech.pl\/wp-content\/uploads\/2021\/01\/IBA_dosimetry2.png\" alt=\"\" class=\"wp-image-528\" width=\"304\" height=\"187\" srcset=\"https:\/\/www.healthtech.pl\/wp-content\/uploads\/2021\/01\/IBA_dosimetry2.png 607w, https:\/\/www.healthtech.pl\/wp-content\/uploads\/2021\/01\/IBA_dosimetry2-300x185.png 300w\" sizes=\"auto, (max-width: 304px) 100vw, 304px\" \/><\/figure><\/div>\n\n\n\n<p>Wi\u0119cej informacji:<\/p>\n\n\n\n<figure class=\"wp-block-image\"><a href=\"https:\/\/www.iba-dosimetry.com\/radiation-therapy\/\"><img loading=\"lazy\" decoding=\"async\" width=\"150\" height=\"150\" src=\"http:\/\/www.healthtech.pl\/wp-content\/uploads\/2019\/10\/logo_iba-150x150.png\" alt=\"\" class=\"wp-image-287\" srcset=\"https:\/\/www.healthtech.pl\/wp-content\/uploads\/2019\/10\/logo_iba-150x150.png 150w, https:\/\/www.healthtech.pl\/wp-content\/uploads\/2019\/10\/logo_iba-300x300.png 300w, https:\/\/www.healthtech.pl\/wp-content\/uploads\/2019\/10\/logo_iba-100x100.png 100w, https:\/\/www.healthtech.pl\/wp-content\/uploads\/2019\/10\/logo_iba.png 359w\" sizes=\"auto, (max-width: 150px) 100vw, 150px\" \/><\/a><\/figure>\n","protected":false},"excerpt":{"rendered":"<p>IBA Dosimetry Firma IBA Dosimetry oferuje pe\u0142n\u0105 palet\u0119 zintegrowanych i innowacyjnych rozwi\u0105za\u0144 w zakresie zapewnienia jako\u015bci (QA), procedur kalibracji, a tak\u017ce us\u0142ug i szkole\u0144 maksymalizuj\u0105cych efektywno\u015b\u0107 i bezpiecze\u0144stwo pacjenta w radioterapii i obrazowaniu medycznym. Firma IBA Dosimetry jest cz\u0142onkiem inicjatywy \u201cIndependent Quality Assurance\u201d, kt\u00f3rej celem s\u0105: Rozwi\u0105zania niezale\u017cne od producent\u00f3w system\u00f3w RT Otwarty i bezp\u0142atny &hellip; <\/p>\n<p class=\"link-more\"><a href=\"https:\/\/www.healthtech.pl\/?page_id=520\" class=\"more-link\">Czytaj dalej<span class=\"screen-reader-text\"> IBA Dosimetry<\/span><\/a><\/p>\n","protected":false},"author":1,"featured_media":0,"parent":0,"menu_order":0,"comment_status":"closed","ping_status":"closed","template":"","meta":{"footnotes":""},"class_list":["post-520","page","type-page","status-publish","hentry"],"_links":{"self":[{"href":"https:\/\/www.healthtech.pl\/index.php?rest_route=\/wp\/v2\/pages\/520","targetHints":{"allow":["GET"]}}],"collection":[{"href":"https:\/\/www.healthtech.pl\/index.php?rest_route=\/wp\/v2\/pages"}],"about":[{"href":"https:\/\/www.healthtech.pl\/index.php?rest_route=\/wp\/v2\/types\/page"}],"author":[{"embeddable":true,"href":"https:\/\/www.healthtech.pl\/index.php?rest_route=\/wp\/v2\/users\/1"}],"replies":[{"embeddable":true,"href":"https:\/\/www.healthtech.pl\/index.php?rest_route=%2Fwp%2Fv2%2Fcomments&post=520"}],"version-history":[{"count":5,"href":"https:\/\/www.healthtech.pl\/index.php?rest_route=\/wp\/v2\/pages\/520\/revisions"}],"predecessor-version":[{"id":553,"href":"https:\/\/www.healthtech.pl\/index.php?rest_route=\/wp\/v2\/pages\/520\/revisions\/553"}],"wp:attachment":[{"href":"https:\/\/www.healthtech.pl\/index.php?rest_route=%2Fwp%2Fv2%2Fmedia&parent=520"}],"curies":[{"name":"wp","href":"https:\/\/api.w.org\/{rel}","templated":true}]}}