{"id":34,"date":"2017-01-01T11:17:29","date_gmt":"2017-01-01T10:17:29","guid":{"rendered":"http:\/\/sigma-med.pl\/HT\/?page_id=34"},"modified":"2024-08-30T20:04:11","modified_gmt":"2024-08-30T18:04:11","slug":"radioterapia","status":"publish","type":"page","link":"https:\/\/www.healthtech.pl\/?page_id=34","title":{"rendered":"Radioterapia"},"content":{"rendered":"\n<h1 class=\"wp-block-heading\"><strong>Radioterapia<\/strong><\/h1>\n\n\n\n<p><em>Nasza oferta obejmuje systemy wspomagaj\u0105ce prac\u0119 lekarzy w zakresie radioterapii.<\/em><\/p>\n\n\n\n<p><em>Zapraszamy&nbsp;do zapoznania si\u0119 z ofert\u0105.<\/em><\/p>\n\n\n\n<p><\/p>\n\n\n\n<hr class=\"wp-block-separator has-text-color has-background has-black-background-color has-black-color is-style-wide\"\/>\n\n\n\n<figure class=\"wp-block-image\"><img loading=\"lazy\" decoding=\"async\" width=\"300\" height=\"74\" src=\"http:\/\/www.healthtech.pl\/wp-content\/uploads\/2017\/03\/Micropos-Silver-400px-300x74.jpg\" alt=\"\" class=\"wp-image-127\" srcset=\"https:\/\/www.healthtech.pl\/wp-content\/uploads\/2017\/03\/Micropos-Silver-400px-300x74.jpg 300w, https:\/\/www.healthtech.pl\/wp-content\/uploads\/2017\/03\/Micropos-Silver-400px.jpg 400w\" sizes=\"auto, (max-width: 300px) 100vw, 300px\" \/><\/figure>\n\n\n\n<ul class=\"wp-block-list\"><li><a href=\"http:\/\/www.healthtech.pl\/index.php\/en\/micropos-eng\/\"><\/a><a href=\"http:\/\/www.healthtech.pl\/index.php\/micropos\/\">System&nbsp;RayPilot firmy MicroPos<\/a><\/li><\/ul>\n\n\n\n<hr class=\"wp-block-separator has-text-color has-background has-black-background-color has-black-color is-style-wide\"\/>\n\n\n\n<figure class=\"wp-block-image size-large\"><img loading=\"lazy\" decoding=\"async\" width=\"168\" height=\"49\" src=\"http:\/\/www.healthtech.pl\/wp-content\/uploads\/2024\/08\/CQ_Medical.png\" alt=\"\" class=\"wp-image-604\"\/><\/figure>\n\n\n\n<ul class=\"wp-block-list\"><li><a href=\"http:\/\/www.healthtech.pl\/index.php\/en\/qfix-eng\/\"><\/a><a href=\"https:\/\/www.healthtech.pl\/index.php\/cq_medical\/\">Systemy pozycjonowania i unieruchomiania pacjenta w radioterapii &#8211; CQ Medical<\/a><\/li><\/ul>\n\n\n\n<hr class=\"wp-block-separator has-text-color has-background has-black-background-color has-black-color is-style-wide\"\/>\n\n\n\n<figure class=\"wp-block-image is-resized\"><img loading=\"lazy\" decoding=\"async\" src=\"http:\/\/www.healthtech.pl\/wp-content\/uploads\/2019\/10\/logo_iba-150x150.png\" alt=\"\" class=\"wp-image-287\" width=\"75\" height=\"75\" srcset=\"https:\/\/www.healthtech.pl\/wp-content\/uploads\/2019\/10\/logo_iba-150x150.png 150w, https:\/\/www.healthtech.pl\/wp-content\/uploads\/2019\/10\/logo_iba-300x300.png 300w, https:\/\/www.healthtech.pl\/wp-content\/uploads\/2019\/10\/logo_iba-100x100.png 100w, https:\/\/www.healthtech.pl\/wp-content\/uploads\/2019\/10\/logo_iba.png 359w\" sizes=\"auto, (max-width: 75px) 100vw, 75px\" \/><\/figure>\n\n\n\n<ul class=\"wp-block-list\"><li><a href=\"http:\/\/www.healthtech.pl\/index.php\/iba-dosimetry\/\">IBA Dosimetry<\/a><\/li><\/ul>\n\n\n\n<hr class=\"wp-block-separator has-text-color has-background has-black-background-color has-black-color is-style-wide\"\/>\n","protected":false},"excerpt":{"rendered":"<p>Radioterapia Nasza oferta obejmuje systemy wspomagaj\u0105ce prac\u0119 lekarzy w zakresie radioterapii. Zapraszamy&nbsp;do zapoznania si\u0119 z ofert\u0105. System&nbsp;RayPilot firmy MicroPos Systemy pozycjonowania i unieruchomiania pacjenta w radioterapii &#8211; CQ Medical IBA Dosimetry<\/p>\n","protected":false},"author":1,"featured_media":0,"parent":0,"menu_order":0,"comment_status":"closed","ping_status":"closed","template":"","meta":{"footnotes":""},"class_list":["post-34","page","type-page","status-publish","hentry"],"_links":{"self":[{"href":"https:\/\/www.healthtech.pl\/index.php?rest_route=\/wp\/v2\/pages\/34","targetHints":{"allow":["GET"]}}],"collection":[{"href":"https:\/\/www.healthtech.pl\/index.php?rest_route=\/wp\/v2\/pages"}],"about":[{"href":"https:\/\/www.healthtech.pl\/index.php?rest_route=\/wp\/v2\/types\/page"}],"author":[{"embeddable":true,"href":"https:\/\/www.healthtech.pl\/index.php?rest_route=\/wp\/v2\/users\/1"}],"replies":[{"embeddable":true,"href":"https:\/\/www.healthtech.pl\/index.php?rest_route=%2Fwp%2Fv2%2Fcomments&post=34"}],"version-history":[{"count":11,"href":"https:\/\/www.healthtech.pl\/index.php?rest_route=\/wp\/v2\/pages\/34\/revisions"}],"predecessor-version":[{"id":620,"href":"https:\/\/www.healthtech.pl\/index.php?rest_route=\/wp\/v2\/pages\/34\/revisions\/620"}],"wp:attachment":[{"href":"https:\/\/www.healthtech.pl\/index.php?rest_route=%2Fwp%2Fv2%2Fmedia&parent=34"}],"curies":[{"name":"wp","href":"https:\/\/api.w.org\/{rel}","templated":true}]}}