{"id":286,"date":"2019-10-28T19:22:27","date_gmt":"2019-10-28T18:22:27","guid":{"rendered":"http:\/\/www.healthtech.pl\/?page_id=286"},"modified":"2021-01-07T11:45:58","modified_gmt":"2021-01-07T10:45:58","slug":"iba","status":"publish","type":"page","link":"https:\/\/www.healthtech.pl\/?page_id=286","title":{"rendered":"IBA"},"content":{"rendered":"\n<h1 class=\"wp-block-heading\"><strong>IBA &#8211; Rozwi\u0105zania dla radiofarmacji<\/strong><\/h1>\n\n\n\n<p>Firma IBA S.A. istnieje na rynku ponad 30 lat, aktualnie jest \u015bwiatowym liderem w dziedzinie produkcji kompleksowych rozwi\u0105za\u0144 dla radiofarmacji i terapii protonowej.<\/p>\n\n\n\n<p>W portfolio firmy IBA znajdziemy cyklotrony do produkcji radioizotop\u00f3w PET &amp; SPECT uzyskuj\u0105ce energie w zakresie od 18 MeV do 70 MeV, kt\u00f3rych do tej pory zainstalowano ponad 260 na pi\u0119ciu kontynentach.<\/p>\n\n\n\n<p>Do swoich cyklotron\u00f3w firma IBA oferuje szeroki zakres tarcz (cieczowych, gazowych i sta\u0142ych) umo\u017cliwiaj\u0105cych produkcj\u0119 wi\u0119kszo\u015bci izotop\u00f3w wykorzystywanych zar\u00f3wno w terapii jak i diagnostyce.<\/p>\n\n\n\n<div class=\"wp-block-image\"><figure class=\"aligncenter\"><img loading=\"lazy\" decoding=\"async\" width=\"1024\" height=\"681\" src=\"http:\/\/www.healthtech.pl\/wp-content\/uploads\/2019\/10\/kiube-1024x681.png\" alt=\"\" class=\"wp-image-297\" srcset=\"https:\/\/www.healthtech.pl\/wp-content\/uploads\/2019\/10\/kiube-1024x681.png 1024w, https:\/\/www.healthtech.pl\/wp-content\/uploads\/2019\/10\/kiube-300x199.png 300w, https:\/\/www.healthtech.pl\/wp-content\/uploads\/2019\/10\/kiube-768x511.png 768w, https:\/\/www.healthtech.pl\/wp-content\/uploads\/2019\/10\/kiube.png 1122w\" sizes=\"auto, (max-width: 706px) 89vw, (max-width: 767px) 82vw, 740px\" \/><\/figure><\/div>\n\n\n\n<p>Dla systemu Cyclone\u00ae KIUBE o energii wi\u0105zki 18 MeV aktualnie dost\u0119pne komercyjnie s\u0105 rozwi\u0105zania umo\u017cliwiaj\u0105ce uzyskiwanie nast\u0119puj\u0105cych izotop\u00f3w: <sup>18<\/sup>F, <sup>68<\/sup>Ga, <sup>13<\/sup>N,<sup>15<\/sup>O, <sup>11<\/sup>C, <sup>64<\/sup>Cu, <sup>89<\/sup>Zr, <sup>99m<\/sup>Tc, <sup>124<\/sup>I, <sup>123<\/sup>I,<sup>67<\/sup>Ga, <sup>111<\/sup>In, <sup>86<\/sup>Y\u2026<\/p>\n\n\n\n<div class=\"wp-block-image\"><figure class=\"alignleft\"><img loading=\"lazy\" decoding=\"async\" width=\"300\" height=\"225\" src=\"http:\/\/www.healthtech.pl\/wp-content\/uploads\/2019\/10\/synthera-1-300x225.png\" alt=\"\" class=\"wp-image-298\" srcset=\"https:\/\/www.healthtech.pl\/wp-content\/uploads\/2019\/10\/synthera-1-300x225.png 300w, https:\/\/www.healthtech.pl\/wp-content\/uploads\/2019\/10\/synthera-1-768x577.png 768w, https:\/\/www.healthtech.pl\/wp-content\/uploads\/2019\/10\/synthera-1.png 986w\" sizes=\"auto, (max-width: 300px) 100vw, 300px\" \/><\/figure><\/div>\n\n\n\n<p>IBA w swojej ofercie posiada niewielki, niezwykle uniwersalny i przyjazny dla u\u017cytkownika kasetowy modu\u0142 syntezy Synthera\u00ae, kt\u00f3rego u\u017cytkowanie pozwala na skr\u00f3cenie czasu syntezy, uproszczenie procesu produkcji i zwi\u0119kszenie wydajno\u015bci przy jednoczesnym spe\u0142nieniu wszystkich wymaga\u0144 GMP. Modu\u0142 Synthera\u00ae pozwala na \u0142atw\u0105 syntez\u0119&nbsp; takich zwi\u0105zk\u00f3w jak np.: FDG, NaF, FLT, FCH, FMISO, FBB, FDOPA i wielu innych dost\u0119pnych dzi\u0119ki platformie \u0142\u0105cz\u0105cej licznych u\u017cytkownik\u00f3w modu\u0142u Synthera\u00ae z ca\u0142ego \u015awiata, na kt\u00f3rej mog\u0105 oni bezpo\u015brednio wymienia\u0107 si\u0119 swoimi do\u015bwiadczeniami.<\/p>\n\n\n\n<p>Wi\u0119cej informacji :<\/p>\n\n\n\n<figure class=\"wp-block-image\"><a href=\"http:\/\/www.iba-radiopharmasolutions.com\"><img loading=\"lazy\" decoding=\"async\" width=\"150\" height=\"150\" src=\"http:\/\/www.healthtech.pl\/wp-content\/uploads\/2019\/10\/logo_iba-150x150.png\" alt=\"\" class=\"wp-image-287\" srcset=\"https:\/\/www.healthtech.pl\/wp-content\/uploads\/2019\/10\/logo_iba-150x150.png 150w, https:\/\/www.healthtech.pl\/wp-content\/uploads\/2019\/10\/logo_iba-300x300.png 300w, https:\/\/www.healthtech.pl\/wp-content\/uploads\/2019\/10\/logo_iba-100x100.png 100w, https:\/\/www.healthtech.pl\/wp-content\/uploads\/2019\/10\/logo_iba.png 359w\" sizes=\"auto, (max-width: 150px) 100vw, 150px\" \/><\/a><\/figure>\n","protected":false},"excerpt":{"rendered":"<p>IBA &#8211; Rozwi\u0105zania dla radiofarmacji Firma IBA S.A. istnieje na rynku ponad 30 lat, aktualnie jest \u015bwiatowym liderem w dziedzinie produkcji kompleksowych rozwi\u0105za\u0144 dla radiofarmacji i terapii protonowej. W portfolio firmy IBA znajdziemy cyklotrony do produkcji radioizotop\u00f3w PET &amp; SPECT uzyskuj\u0105ce energie w zakresie od 18 MeV do 70 MeV, kt\u00f3rych do tej pory zainstalowano &hellip; <\/p>\n<p class=\"link-more\"><a href=\"https:\/\/www.healthtech.pl\/?page_id=286\" class=\"more-link\">Czytaj dalej<span class=\"screen-reader-text\"> IBA<\/span><\/a><\/p>\n","protected":false},"author":1,"featured_media":0,"parent":0,"menu_order":0,"comment_status":"closed","ping_status":"closed","template":"","meta":{"footnotes":""},"class_list":["post-286","page","type-page","status-publish","hentry"],"_links":{"self":[{"href":"https:\/\/www.healthtech.pl\/index.php?rest_route=\/wp\/v2\/pages\/286","targetHints":{"allow":["GET"]}}],"collection":[{"href":"https:\/\/www.healthtech.pl\/index.php?rest_route=\/wp\/v2\/pages"}],"about":[{"href":"https:\/\/www.healthtech.pl\/index.php?rest_route=\/wp\/v2\/types\/page"}],"author":[{"embeddable":true,"href":"https:\/\/www.healthtech.pl\/index.php?rest_route=\/wp\/v2\/users\/1"}],"replies":[{"embeddable":true,"href":"https:\/\/www.healthtech.pl\/index.php?rest_route=%2Fwp%2Fv2%2Fcomments&post=286"}],"version-history":[{"count":12,"href":"https:\/\/www.healthtech.pl\/index.php?rest_route=\/wp\/v2\/pages\/286\/revisions"}],"predecessor-version":[{"id":473,"href":"https:\/\/www.healthtech.pl\/index.php?rest_route=\/wp\/v2\/pages\/286\/revisions\/473"}],"wp:attachment":[{"href":"https:\/\/www.healthtech.pl\/index.php?rest_route=%2Fwp%2Fv2%2Fmedia&parent=286"}],"curies":[{"name":"wp","href":"https:\/\/api.w.org\/{rel}","templated":true}]}}