{"id":266,"date":"2019-09-06T19:02:51","date_gmt":"2019-09-06T17:02:51","guid":{"rendered":"http:\/\/www.healthtech.pl\/?page_id=266"},"modified":"2021-01-05T10:51:03","modified_gmt":"2021-01-05T09:51:03","slug":"mim-software","status":"publish","type":"page","link":"https:\/\/www.healthtech.pl\/?page_id=266","title":{"rendered":"MIM Software"},"content":{"rendered":"<h1><strong>MIM Software \u2013 oprogramowanie do medycyny nuklearnej, radiologii i radioterapii<\/strong><\/h1>\n<p>Firma MIM Software Inc. oferuje programy aplikacyjne w zakresie diagnostyki i leczenia w radioterapii, radiologii, medycyny nuklearnej, diagnostyki neurologicznej i kardiologicznej. Oprogramowanie mo\u017ce by\u0107 instalowane na komputerach PC i Mac\u00ae oraz na platformach iOS i w chmurze. Produkty MIM s\u0105 sprzedawane do centr\u00f3w obrazowania, szpitali, klinik specjalistycznych, plac\u00f3wek naukowo-badawczych i firm farmaceutycznych.<\/p>\n<p>W ofercie MIM Software znajduj\u0105 si\u0119 m.in.:<\/p>\n<p>MIM Encore\u00ae&nbsp; oprogramowanie do przetwarzania, prezentacji i analizy bada\u0144 medycyny nuklearnej (PET\/CT, SPECT\/CT, konwencjonalnych) pracuj\u0105ce w \u015brodowisku system\u00f3w diagnostycznych dowolnych producent\u00f3w sprz\u0119tu.<\/p>\n<p>MIM SurePlan&#x2122; oprogramowanie do dozymetrii radioizotopowej przy u\u017cyciu izotop\u00f3w beta- i gamma promieniotw\u00f3rczych wraz z narz\u0119dziami do rekonstrukcji bada\u0144, segmentacji ognisk, itd.<\/p>\n<p>Wi\u0119cej informacji:<\/p>\n<p><a href=\"https:\/\/www.mimsoftware.com\/\"> <img loading=\"lazy\" decoding=\"async\" class=\"alignnone size-medium wp-image-265\" src=\"http:\/\/www.healthtech.pl\/wp-content\/uploads\/2019\/09\/mim-1-300x125.png\" alt=\"\" width=\"300\" height=\"125\" srcset=\"https:\/\/www.healthtech.pl\/wp-content\/uploads\/2019\/09\/mim-1-300x125.png 300w, https:\/\/www.healthtech.pl\/wp-content\/uploads\/2019\/09\/mim-1.png 338w\" sizes=\"auto, (max-width: 300px) 100vw, 300px\" \/><br \/>\n<\/a><\/p>\n<p>&nbsp;<\/p>\n","protected":false},"excerpt":{"rendered":"<p>MIM Software \u2013 oprogramowanie do medycyny nuklearnej, radiologii i radioterapii Firma MIM Software Inc. oferuje programy aplikacyjne w zakresie diagnostyki i leczenia w radioterapii, radiologii, medycyny nuklearnej, diagnostyki neurologicznej i kardiologicznej. Oprogramowanie mo\u017ce by\u0107 instalowane na komputerach PC i Mac\u00ae oraz na platformach iOS i w chmurze. Produkty MIM s\u0105 sprzedawane do centr\u00f3w obrazowania, szpitali, &hellip; <\/p>\n<p class=\"link-more\"><a href=\"https:\/\/www.healthtech.pl\/?page_id=266\" class=\"more-link\">Czytaj dalej<span class=\"screen-reader-text\"> MIM Software<\/span><\/a><\/p>\n","protected":false},"author":1,"featured_media":0,"parent":0,"menu_order":0,"comment_status":"closed","ping_status":"closed","template":"","meta":{"footnotes":""},"class_list":["post-266","page","type-page","status-publish","hentry"],"_links":{"self":[{"href":"https:\/\/www.healthtech.pl\/index.php?rest_route=\/wp\/v2\/pages\/266","targetHints":{"allow":["GET"]}}],"collection":[{"href":"https:\/\/www.healthtech.pl\/index.php?rest_route=\/wp\/v2\/pages"}],"about":[{"href":"https:\/\/www.healthtech.pl\/index.php?rest_route=\/wp\/v2\/types\/page"}],"author":[{"embeddable":true,"href":"https:\/\/www.healthtech.pl\/index.php?rest_route=\/wp\/v2\/users\/1"}],"replies":[{"embeddable":true,"href":"https:\/\/www.healthtech.pl\/index.php?rest_route=%2Fwp%2Fv2%2Fcomments&post=266"}],"version-history":[{"count":10,"href":"https:\/\/www.healthtech.pl\/index.php?rest_route=\/wp\/v2\/pages\/266\/revisions"}],"predecessor-version":[{"id":357,"href":"https:\/\/www.healthtech.pl\/index.php?rest_route=\/wp\/v2\/pages\/266\/revisions\/357"}],"wp:attachment":[{"href":"https:\/\/www.healthtech.pl\/index.php?rest_route=%2Fwp%2Fv2%2Fmedia&parent=266"}],"curies":[{"name":"wp","href":"https:\/\/api.w.org\/{rel}","templated":true}]}}