{"id":207,"date":"2017-04-21T21:30:12","date_gmt":"2017-04-21T19:30:12","guid":{"rendered":"http:\/\/www.healthtech.pl\/?page_id=207"},"modified":"2021-01-05T11:28:13","modified_gmt":"2021-01-05T10:28:13","slug":"spectrum-dynamics","status":"publish","type":"page","link":"https:\/\/www.healthtech.pl\/?page_id=207","title":{"rendered":"Spectrum Dynamics Medical"},"content":{"rendered":"<h1><strong>Spectrum Dynamics Medical &#8211;&nbsp;<\/strong><strong>cyfrowe systemy medycyny nuklearnej<\/strong><\/h1>\n<p><img loading=\"lazy\" decoding=\"async\" class=\"alignnone wp-image-256 size-full\" src=\"http:\/\/www.healthtech.pl\/wp-content\/uploads\/2018\/10\/D-SPECT-Cardio.png\" alt=\"\" width=\"2452\" height=\"1637\" srcset=\"https:\/\/www.healthtech.pl\/wp-content\/uploads\/2018\/10\/D-SPECT-Cardio.png 2452w, https:\/\/www.healthtech.pl\/wp-content\/uploads\/2018\/10\/D-SPECT-Cardio-300x200.png 300w, https:\/\/www.healthtech.pl\/wp-content\/uploads\/2018\/10\/D-SPECT-Cardio-768x513.png 768w, https:\/\/www.healthtech.pl\/wp-content\/uploads\/2018\/10\/D-SPECT-Cardio-1024x684.png 1024w\" sizes=\"auto, (max-width: 706px) 89vw, (max-width: 767px) 82vw, 740px\" \/><\/p>\n<p class=\"m_-4959904726680152880x_MsoListParagraph\"><i>W ofercie znajduj\u0105 si\u0119 cyfrowe&nbsp;<\/i><i>gamma kamery SPECT wyposa\u017cone w detektory p\u00f3\u0142przewodnikowe z kryszta\u0142ami CZT.<\/i><\/p>\n<p class=\"m_-4959904726680152880x_MsoListParagraph\"><i>Gamma kamera kardiologiczna wykonuje badania SPECT pacjent\u00f3w w pozycji siedz\u0105cej lub le\u017c\u0105cej bez ruchu g\u0142owicy aparatu i oferuje wykonanie bada\u0144 perfuzji mi\u0119\u015bnia serca w czasie 2 minut z rozdzielczo\u015bci\u0105 obraz\u00f3w por\u00f3wnywaln\u0105 z pozytonow\u0105 tomografi\u0105 PET. Kamera pozwala na akwizycj\u0119 dynamiczn\u0105&nbsp;<\/i><i style=\"font-size: 1rem;\">SPECT s\u0142u\u017c\u0105c\u0105 do oceny rezerwy wie\u0144cowej.<\/i><\/p>\n<p><img loading=\"lazy\" decoding=\"async\" class=\"alignright wp-image-255 size-full\" title=\"Gammakamera Veriton\" src=\"http:\/\/www.healthtech.pl\/wp-content\/uploads\/2018\/10\/VERITON_Rendering_highres.png\" alt=\"\" width=\"2356\" height=\"1750\" srcset=\"https:\/\/www.healthtech.pl\/wp-content\/uploads\/2018\/10\/VERITON_Rendering_highres.png 2356w, https:\/\/www.healthtech.pl\/wp-content\/uploads\/2018\/10\/VERITON_Rendering_highres-300x223.png 300w, https:\/\/www.healthtech.pl\/wp-content\/uploads\/2018\/10\/VERITON_Rendering_highres-768x570.png 768w, https:\/\/www.healthtech.pl\/wp-content\/uploads\/2018\/10\/VERITON_Rendering_highres-1024x761.png 1024w\" sizes=\"auto, (max-width: 706px) 89vw, (max-width: 767px) 82vw, 740px\" \/><\/p>\n<p class=\"m_-4959904726680152880x_MsoListParagraph\"><i>Modele system\u00f3w do bada\u0144 ca\u0142ego cia\u0142a (w wersji SPECT i SPECT\/CT) zbudowane s\u0105 z dwunastu niewielkich detektor\u00f3w umo\u017cliwiaj\u0105cych ich automatyczne dosuni\u0119cie do niemal ka\u017cdego miejsca pacjenta.&nbsp;<\/i><\/p>\n<p class=\"m_-4959904726680152880x_MsoListParagraph\"><i>Systemy pozwalaj\u0105 m.in. na wykonywanie bada\u0144 kardiologicznych o jako\u015bci oferowanej&nbsp;<\/i><i>przez dedykowan\u0105 cyfrow\u0105 gamma kamer\u0119 (jak wy\u017cej), na uzyskiwanie tr\u00f3jwymiarowych skan\u00f3w ko\u015bci ca\u0142ego cia\u0142a w czasie 18 minut, na badania neurologiczne z czu\u0142o\u015bci\u0105 ponad trzykrotnie wy\u017csz\u0105 ni\u017c w gamma kamerach analogowych z p\u0142askimi detektorami o du\u017cym polu widzenia.<\/i><\/p>\n<p><strong>Modele<\/strong><\/p>\n<ul type=\"disc\">\n<li class=\"m_-4959904726680152880x_MsoNormal\">D-SPECT Cardio&nbsp;&nbsp;&nbsp;&nbsp;&nbsp;&nbsp;&nbsp; Gamma kamera SPECT do bada\u0144 kardiologicznych<\/li>\n<li class=\"m_-4959904726680152880x_MsoNormal\">VERITON&nbsp; &nbsp; &nbsp; &nbsp; &nbsp; &nbsp; &nbsp; &nbsp; &nbsp; &nbsp; &nbsp; &nbsp;Gamma kamera SPECT do bada\u0144 ca\u0142ego cia\u0142a<\/li>\n<li class=\"m_-4959904726680152880x_MsoNormal\">VERITON CT&nbsp; &nbsp; &nbsp; &nbsp; &nbsp; &nbsp; &nbsp; &nbsp; System SPECT\/CT do bada\u0144 ca\u0142ego cia\u0142a<\/li>\n<\/ul>\n<p>&nbsp;<\/p>\n<p>Wi\u0119cej informacji:<\/p>\n<p><a href=\"http:\/\/www.spectrum-dynamics.com\"><img loading=\"lazy\" decoding=\"async\" class=\"alignnone wp-image-210 size-medium\" src=\"http:\/\/www.healthtech.pl\/wp-content\/uploads\/2017\/01\/pobrane-300x76.png\" alt=\"\" width=\"300\" height=\"76\" srcset=\"https:\/\/www.healthtech.pl\/wp-content\/uploads\/2017\/01\/pobrane-300x76.png 300w, https:\/\/www.healthtech.pl\/wp-content\/uploads\/2017\/01\/pobrane.png 447w\" sizes=\"auto, (max-width: 300px) 100vw, 300px\" \/><\/a><\/p>\n","protected":false},"excerpt":{"rendered":"<p>Spectrum Dynamics Medical &#8211;&nbsp;cyfrowe systemy medycyny nuklearnej W ofercie znajduj\u0105 si\u0119 cyfrowe&nbsp;gamma kamery SPECT wyposa\u017cone w detektory p\u00f3\u0142przewodnikowe z kryszta\u0142ami CZT. Gamma kamera kardiologiczna wykonuje badania SPECT pacjent\u00f3w w pozycji siedz\u0105cej lub le\u017c\u0105cej bez ruchu g\u0142owicy aparatu i oferuje wykonanie bada\u0144 perfuzji mi\u0119\u015bnia serca w czasie 2 minut z rozdzielczo\u015bci\u0105 obraz\u00f3w por\u00f3wnywaln\u0105 z pozytonow\u0105 tomografi\u0105 &hellip; <\/p>\n<p class=\"link-more\"><a href=\"https:\/\/www.healthtech.pl\/?page_id=207\" class=\"more-link\">Czytaj dalej<span class=\"screen-reader-text\"> Spectrum Dynamics Medical<\/span><\/a><\/p>\n","protected":false},"author":1,"featured_media":0,"parent":0,"menu_order":0,"comment_status":"closed","ping_status":"closed","template":"","meta":{"footnotes":""},"class_list":["post-207","page","type-page","status-publish","hentry"],"_links":{"self":[{"href":"https:\/\/www.healthtech.pl\/index.php?rest_route=\/wp\/v2\/pages\/207","targetHints":{"allow":["GET"]}}],"collection":[{"href":"https:\/\/www.healthtech.pl\/index.php?rest_route=\/wp\/v2\/pages"}],"about":[{"href":"https:\/\/www.healthtech.pl\/index.php?rest_route=\/wp\/v2\/types\/page"}],"author":[{"embeddable":true,"href":"https:\/\/www.healthtech.pl\/index.php?rest_route=\/wp\/v2\/users\/1"}],"replies":[{"embeddable":true,"href":"https:\/\/www.healthtech.pl\/index.php?rest_route=%2Fwp%2Fv2%2Fcomments&post=207"}],"version-history":[{"count":6,"href":"https:\/\/www.healthtech.pl\/index.php?rest_route=\/wp\/v2\/pages\/207\/revisions"}],"predecessor-version":[{"id":361,"href":"https:\/\/www.healthtech.pl\/index.php?rest_route=\/wp\/v2\/pages\/207\/revisions\/361"}],"wp:attachment":[{"href":"https:\/\/www.healthtech.pl\/index.php?rest_route=%2Fwp%2Fv2%2Fmedia&parent=207"}],"curies":[{"name":"wp","href":"https:\/\/api.w.org\/{rel}","templated":true}]}}