{"id":20,"date":"2017-01-01T11:03:54","date_gmt":"2017-01-01T10:03:54","guid":{"rendered":"http:\/\/sigma-med.pl\/HT\/?page_id=20"},"modified":"2021-01-07T13:05:14","modified_gmt":"2021-01-07T12:05:14","slug":"badania-przedkliniczne","status":"publish","type":"page","link":"https:\/\/www.healthtech.pl\/?page_id=20","title":{"rendered":"Badania przedkliniczne"},"content":{"rendered":"\n<h1 class=\"wp-block-heading\"><strong>Badania przedkliniczne<\/strong><\/h1>\n\n\n\n<blockquote class=\"wp-block-quote is-layout-flow wp-block-quote-is-layout-flow\"><p><em>Nasza oferta obejmuje systemy do badaniach przedklinicznych. W ofercie posiadamy urz\u0105dzenia s\u0142u\u017c\u0105ce do obrazowania ma\u0142ych zwierz\u0105t.<\/em><\/p><\/blockquote>\n\n\n\n<blockquote class=\"wp-block-quote is-layout-flow wp-block-quote-is-layout-flow\"><p><em>Zapraszamy do zapoznania si\u0119 z ofert\u0105.<\/em><\/p><\/blockquote>\n\n\n\n<blockquote<figure><img loading=\"lazy\" decoding=\"async\" class=\"alignnone size-full wp-image-161\" src=\"http:\/\/www.healthtech.pl\/wp-content\/uploads\/2017\/03\/molecubes-logo_250px.jpg\" alt=\"\" width=\"250\" height=\"104\"><\/figure><\/blockquote>\n\n\n\n<p><\/p>\n\n\n\n<ul class=\"wp-block-list\"><li><a href=\"http:\/\/www.healthtech.pl\/index.php\/molecubes\/\"><a href=\"http:\/\/www.healthtech.pl\/index.php\/molecubes\/\">Molecubes<\/a><\/a><\/li><\/ul>\n\n\n\n<p><\/p>\n","protected":false},"excerpt":{"rendered":"<p>Badania przedkliniczne Nasza oferta obejmuje systemy do badaniach przedklinicznych. W ofercie posiadamy urz\u0105dzenia s\u0142u\u017c\u0105ce do obrazowania ma\u0142ych zwierz\u0105t. Zapraszamy do zapoznania si\u0119 z ofert\u0105.<\/p>\n","protected":false},"author":1,"featured_media":0,"parent":0,"menu_order":0,"comment_status":"closed","ping_status":"closed","template":"","meta":{"footnotes":""},"class_list":["post-20","page","type-page","status-publish","hentry"],"_links":{"self":[{"href":"https:\/\/www.healthtech.pl\/index.php?rest_route=\/wp\/v2\/pages\/20","targetHints":{"allow":["GET"]}}],"collection":[{"href":"https:\/\/www.healthtech.pl\/index.php?rest_route=\/wp\/v2\/pages"}],"about":[{"href":"https:\/\/www.healthtech.pl\/index.php?rest_route=\/wp\/v2\/types\/page"}],"author":[{"embeddable":true,"href":"https:\/\/www.healthtech.pl\/index.php?rest_route=\/wp\/v2\/users\/1"}],"replies":[{"embeddable":true,"href":"https:\/\/www.healthtech.pl\/index.php?rest_route=%2Fwp%2Fv2%2Fcomments&post=20"}],"version-history":[{"count":6,"href":"https:\/\/www.healthtech.pl\/index.php?rest_route=\/wp\/v2\/pages\/20\/revisions"}],"predecessor-version":[{"id":484,"href":"https:\/\/www.healthtech.pl\/index.php?rest_route=\/wp\/v2\/pages\/20\/revisions\/484"}],"wp:attachment":[{"href":"https:\/\/www.healthtech.pl\/index.php?rest_route=%2Fwp%2Fv2%2Fmedia&parent=20"}],"curies":[{"name":"wp","href":"https:\/\/api.w.org\/{rel}","templated":true}]}}