{"id":2,"date":"2016-12-31T11:55:30","date_gmt":"2016-12-31T10:55:30","guid":{"rendered":"http:\/\/sigma-med.pl\/HT\/?page_id=2"},"modified":"2021-01-07T18:59:50","modified_gmt":"2021-01-07T17:59:50","slug":"przykladowa-strona","status":"publish","type":"page","link":"https:\/\/www.healthtech.pl\/","title":{"rendered":"Dzie\u0144 dobry"},"content":{"rendered":"<p>Szanowni Pa\u0144stwo,<\/p>\n<p>Witamy serdecznie na stronie internetowej Health Technologies. Jeste\u015bmy firm\u0105 skupiaj\u0105c\u0105 specjalist\u00f3w do spraw wdro\u017ce\u0144 projekt\u00f3w medycznych oraz dystrybutorem szerokiej gamy urz\u0105dze\u0144 medycznych.<\/p>\n<p>Zapraszamy do korzystania z naszych us\u0142ug.<\/p>\n","protected":false},"excerpt":{"rendered":"<p>Szanowni Pa\u0144stwo, Witamy serdecznie na stronie internetowej Health Technologies. Jeste\u015bmy firm\u0105 skupiaj\u0105c\u0105 specjalist\u00f3w do spraw wdro\u017ce\u0144 projekt\u00f3w medycznych oraz dystrybutorem szerokiej gamy urz\u0105dze\u0144 medycznych. Zapraszamy do korzystania z naszych us\u0142ug.<\/p>\n","protected":false},"author":1,"featured_media":0,"parent":0,"menu_order":0,"comment_status":"closed","ping_status":"closed","template":"","meta":{"footnotes":""},"class_list":["post-2","page","type-page","status-publish","hentry"],"_links":{"self":[{"href":"https:\/\/www.healthtech.pl\/index.php?rest_route=\/wp\/v2\/pages\/2","targetHints":{"allow":["GET"]}}],"collection":[{"href":"https:\/\/www.healthtech.pl\/index.php?rest_route=\/wp\/v2\/pages"}],"about":[{"href":"https:\/\/www.healthtech.pl\/index.php?rest_route=\/wp\/v2\/types\/page"}],"author":[{"embeddable":true,"href":"https:\/\/www.healthtech.pl\/index.php?rest_route=\/wp\/v2\/users\/1"}],"replies":[{"embeddable":true,"href":"https:\/\/www.healthtech.pl\/index.php?rest_route=%2Fwp%2Fv2%2Fcomments&post=2"}],"version-history":[{"count":6,"href":"https:\/\/www.healthtech.pl\/index.php?rest_route=\/wp\/v2\/pages\/2\/revisions"}],"predecessor-version":[{"id":514,"href":"https:\/\/www.healthtech.pl\/index.php?rest_route=\/wp\/v2\/pages\/2\/revisions\/514"}],"wp:attachment":[{"href":"https:\/\/www.healthtech.pl\/index.php?rest_route=%2Fwp%2Fv2%2Fmedia&parent=2"}],"curies":[{"name":"wp","href":"https:\/\/api.w.org\/{rel}","templated":true}]}}