{"id":109,"date":"2017-03-31T11:01:33","date_gmt":"2017-03-31T09:01:33","guid":{"rendered":"http:\/\/www.healthtech.pl\/?page_id=109"},"modified":"2021-01-07T11:56:01","modified_gmt":"2021-01-07T10:56:01","slug":"micropos","status":"publish","type":"page","link":"https:\/\/www.healthtech.pl\/?page_id=109","title":{"rendered":"Micropos"},"content":{"rendered":"\n<h1 class=\"wp-block-heading\"><strong>System pozycjonowania dla wysoko precyzyjnej radioterapii raka prostaty<\/strong><\/h1>\n\n\n\n<h1 class=\"wp-block-heading\"><strong><img loading=\"lazy\" decoding=\"async\" class=\"alignnone wp-image-126 size-full\" src=\"http:\/\/www.healthtech.pl\/wp-content\/uploads\/2017\/03\/RayPilot.png\" alt=\"\" width=\"643\" height=\"400\" srcset=\"https:\/\/www.healthtech.pl\/wp-content\/uploads\/2017\/03\/RayPilot.png 643w, https:\/\/www.healthtech.pl\/wp-content\/uploads\/2017\/03\/RayPilot-300x187.png 300w\" sizes=\"auto, (max-width: 643px) 100vw, 643px\" \/><\/strong><\/h1>\n\n\n\n<p><span style=\"font-weight: 400;\">Micropose Medical to za\u0142o\u017cona w 2003 roku w Szwecji firma opracowuj\u0105ca technologie wykorzystywane podczas zaawansowanej terapii nowotwor\u00f3w.<\/span><\/p>\n\n\n\n<p><span style=\"font-weight: 400;\">RayPilot\u00ae jest systemem wykorzystuj\u0105cym promieniowanie elektromagnetyczne do pozycjonowania prostaty w czasie rzeczywistym podczas zabiegu radioterapii. <\/span><\/p>\n\n\n\n<p><strong>Precyzja podczas pracy<\/strong><\/p>\n\n\n\n<p><span style=\"font-weight: 400;\">Spos\u00f3b dzia\u0142ania systemu RayPilot\u00ae mo\u017cna por\u00f3wna\u0107 do GPS przez to, \u017ce cel jest lokalizowany przy u\u017cyciu okre\u015blonych wsp\u00f3\u0142rz\u0119dnych. System komunikuje si\u0119 z zaimplantowanym nadajnikiem zlokalizowanym w ROI. Transmiter wysy\u0142a sygna\u0142y do odbiornika 30 razy na sekund\u0119 umo\u017cliwiaj\u0105c oprogramowaniu<br>precyzyjne okre\u015blenie po\u0142o\u017cenia. Zaawansowana technologia i odpowiednie algorytmy obliczeniowe pozwalaj\u0105 na uzyskanie submilimetrowej dok\u0142adno\u015bci podczas lokalizacji celu.<\/span><\/p>\n\n\n\n<p><span style=\"font-weight: 400;\">System sk\u0142ada si\u0119 z <\/span><b>Odbiornika RayPilot<\/b><span style=\"font-weight: 400;\"> umieszczanego na istniej\u0105cej palecie, <\/span><b>Nadajnika RayPilot<\/b> <span style=\"font-weight: 400;\">umieszczanego w ROI, oraz <\/span><b>Oprogramowania RayPilot<\/b><span style=\"font-weight: 400;\">.<\/span><\/p>\n\n\n\n<div class=\"wp-block-image\"><figure class=\"alignright\"><img loading=\"lazy\" decoding=\"async\" width=\"300\" height=\"231\" src=\"http:\/\/www.healthtech.pl\/wp-content\/uploads\/2017\/03\/micropos-raypoint-300x231.jpg\" alt=\"\" class=\"wp-image-198\" srcset=\"https:\/\/www.healthtech.pl\/wp-content\/uploads\/2017\/03\/micropos-raypoint-300x231.jpg 300w, https:\/\/www.healthtech.pl\/wp-content\/uploads\/2017\/03\/micropos-raypoint.jpg 460w\" sizes=\"auto, (max-width: 300px) 100vw, 300px\" \/><\/figure><\/div>\n\n\n\n<p><span style=\"font-weight: 400;\">System jest wykorzystywany podczas na\u015bwietlania prostaty gdzie precyzja i prawid\u0142owa lokalizacja zwi\u0119kszaj\u0105 jako\u015b\u0107 zabiegu. &nbsp;Przy\u015bpiesza on tak\u017ce i poprawia czas przygotowania pacjenta przyczyniaj\u0105c si\u0119 do bardziej efektywnego wykorzystania sprz\u0119tu.<\/span><br><span style=\"font-weight: 400;\">Urz\u0105dzenie mo\u017ce wsp\u00f3\u0142pracowa\u0107 z wszystkimi akceleratorami, a funkcja automatycznego bramkowania dost\u0119pna jest dla urz\u0105dze\u0144 Varian Clinac\u00ae iX oraz Trilogy\u00ae.<\/span><\/p>\n\n\n\n<p><strong>Zalety<\/strong><\/p>\n\n\n\n<ul class=\"wp-block-list\"><li><span style=\"font-weight: 400;\">Dok\u0142adne i szybkie przygotowanie pacjenta bez u\u017cywania promieniowania X<\/span><\/li><li><span style=\"font-weight: 400;\">Automatyczna identyfikacja pacjenta<\/span><\/li><li><span style=\"font-weight: 400;\">Pozycjonowanie celu w czasie rzeczywistym<\/span><\/li><li><span style=\"font-weight: 400;\">Dozymetria in situ*<\/span><\/li><li><span style=\"font-weight: 400;\">Komplet danych o szczeg\u00f3\u0142owym po\u0142o\u017ceniu w czasie zabiegu<\/span><\/li><li><strong style=\"font-size: 1rem;\"><span style=\"font-weight: 400;\">Analiza przebiegu procesu<\/span><\/strong><\/li><\/ul>\n\n\n\n<p><span style=\"font-weight: 400;\">*w przygotowaniu<\/span><\/p>\n\n\n\n<p><strong>Publikacje:<\/strong><\/p>\n\n\n\n<p><a href=\"http:\/\/www.micropos.se\/scientific\/publications\/\">http:\/\/www.micropos.se\/scientific\/publications\/<\/a><\/p>\n\n\n\n<p><strong>Filmy:<\/strong><\/p>\n\n\n\n<p><a href=\"http:\/\/www.micropos.se\/scientific\/videos\/\">http:\/\/www.micropos.se\/scientific\/videos\/<\/a><\/p>\n\n\n\n<p><strong>Za\u0142\u0105czniki<\/strong><\/p>\n\n\n\n<ul class=\"wp-block-list\"><li><a href=\"http:\/\/www.healthtech.pl\/downloads\/micropos-flyer-2013-webb1.pdf\">broszura 1<\/a><\/li><li><a href=\"http:\/\/www.healthtech.pl\/downloads\/micropos-folder-v9-eng-webb-1.pdf\">broszura 2&nbsp;<\/a><\/li><li><a href=\"http:\/\/www.healthtech.pl\/downloads\/micropos-teknikblad-v2-webb1.pdf\">broszura 3<\/a><\/li><\/ul>\n\n\n\n<p>Wi\u0119cej informacji:<\/p>\n\n\n\n<figure class=\"wp-block-image\"><a href=\"http:\/\/www.micropos.se\"><img loading=\"lazy\" decoding=\"async\" width=\"300\" height=\"74\" src=\"http:\/\/www.healthtech.pl\/wp-content\/uploads\/2017\/03\/Micropos-Silver-400px-300x74.jpg\" alt=\"\" class=\"wp-image-127\" srcset=\"https:\/\/www.healthtech.pl\/wp-content\/uploads\/2017\/03\/Micropos-Silver-400px-300x74.jpg 300w, https:\/\/www.healthtech.pl\/wp-content\/uploads\/2017\/03\/Micropos-Silver-400px.jpg 400w\" sizes=\"auto, (max-width: 300px) 100vw, 300px\" \/><\/a><\/figure>\n","protected":false},"excerpt":{"rendered":"<p>System pozycjonowania dla wysoko precyzyjnej radioterapii raka prostaty Micropose Medical to za\u0142o\u017cona w 2003 roku w Szwecji firma opracowuj\u0105ca technologie wykorzystywane podczas zaawansowanej terapii nowotwor\u00f3w. RayPilot\u00ae jest systemem wykorzystuj\u0105cym promieniowanie elektromagnetyczne do pozycjonowania prostaty w czasie rzeczywistym podczas zabiegu radioterapii. Precyzja podczas pracy Spos\u00f3b dzia\u0142ania systemu RayPilot\u00ae mo\u017cna por\u00f3wna\u0107 do GPS przez to, \u017ce cel &hellip; <\/p>\n<p class=\"link-more\"><a href=\"https:\/\/www.healthtech.pl\/?page_id=109\" class=\"more-link\">Czytaj dalej<span class=\"screen-reader-text\"> Micropos<\/span><\/a><\/p>\n","protected":false},"author":1,"featured_media":0,"parent":0,"menu_order":0,"comment_status":"closed","ping_status":"closed","template":"","meta":{"footnotes":""},"class_list":["post-109","page","type-page","status-publish","hentry"],"_links":{"self":[{"href":"https:\/\/www.healthtech.pl\/index.php?rest_route=\/wp\/v2\/pages\/109","targetHints":{"allow":["GET"]}}],"collection":[{"href":"https:\/\/www.healthtech.pl\/index.php?rest_route=\/wp\/v2\/pages"}],"about":[{"href":"https:\/\/www.healthtech.pl\/index.php?rest_route=\/wp\/v2\/types\/page"}],"author":[{"embeddable":true,"href":"https:\/\/www.healthtech.pl\/index.php?rest_route=\/wp\/v2\/users\/1"}],"replies":[{"embeddable":true,"href":"https:\/\/www.healthtech.pl\/index.php?rest_route=%2Fwp%2Fv2%2Fcomments&post=109"}],"version-history":[{"count":17,"href":"https:\/\/www.healthtech.pl\/index.php?rest_route=\/wp\/v2\/pages\/109\/revisions"}],"predecessor-version":[{"id":440,"href":"https:\/\/www.healthtech.pl\/index.php?rest_route=\/wp\/v2\/pages\/109\/revisions\/440"}],"wp:attachment":[{"href":"https:\/\/www.healthtech.pl\/index.php?rest_route=%2Fwp%2Fv2%2Fmedia&parent=109"}],"curies":[{"name":"wp","href":"https:\/\/api.w.org\/{rel}","templated":true}]}}