{"id":103,"date":"2017-03-31T11:00:15","date_gmt":"2017-03-31T09:00:15","guid":{"rendered":"http:\/\/www.healthtech.pl\/?page_id=103"},"modified":"2024-08-30T20:01:05","modified_gmt":"2024-08-30T18:01:05","slug":"cq_medical","status":"publish","type":"page","link":"https:\/\/www.healthtech.pl\/?page_id=103","title":{"rendered":"CQ Medical"},"content":{"rendered":"\n<h1 class=\"wp-block-heading\"><strong>Systemy do pozycjonowania i unieruchamiania pacjenta w radioterapii<\/strong><\/h1>\n\n\n\n<figure class=\"wp-block-image size-large\"><img loading=\"lazy\" decoding=\"async\" width=\"1024\" height=\"488\" src=\"http:\/\/www.healthtech.pl\/wp-content\/uploads\/2024\/08\/qfix-1024x488-2.png\" alt=\"\" class=\"wp-image-607\" srcset=\"https:\/\/www.healthtech.pl\/wp-content\/uploads\/2024\/08\/qfix-1024x488-2.png 1024w, https:\/\/www.healthtech.pl\/wp-content\/uploads\/2024\/08\/qfix-1024x488-2-300x143.png 300w, https:\/\/www.healthtech.pl\/wp-content\/uploads\/2024\/08\/qfix-1024x488-2-768x366.png 768w\" sizes=\"auto, (max-width: 706px) 89vw, (max-width: 767px) 82vw, 740px\" \/><\/figure>\n\n\n\n<p>Firma CQ Medical\u2122 \u0142\u0105czy ponad 80 lat innowacji i do\u015bwiadcze\u0144 dw\u00f3ch firm: CIVCO RT\u2122 and Qfix\u00ae, z kt\u00f3rych powsta\u0142a. Firma zaopatruje rynki \u015bwiatowe w produkty dla radioterapii, protonoterapii i brachyterapii&nbsp; Oferowane rozwi\u0105zania s\u0105 innowacyjne technologicznie i skierowane do profesjonalist\u00f3w medycznych.<\/p>\n\n\n\n<p>W\u015br\u00f3d produkt\u00f3w firmy CQ Medical\u2122 znajduj\u0105 si\u0119 p\u0142yty wykonane z w\u0142\u00f3kna w\u0119glowego i w\u0142\u00f3kna szklanego z dedykowanymi unieruchomieniami do procedur napromieniania pacjent\u00f3w w obszarach g\u0142owy i szyi, piersi, p\u0142uc, prostaty i innych.<\/p>\n\n\n\n<p>Materia\u0142y termoplastyczne zawieraj\u0105 m.in. cenione przez u\u017cytkownik\u00f3w maski typu Fibreplast\u2122, wzmocnione materia\u0142em Kevlar\u00ae, charakteryzuj\u0105ce si\u0119 najlepsz\u0105 z dost\u0119pnych sztywno\u015bci\u0105 i znane z innowacyjnego systemu unieruchomie\u0144 w chirurgii stereotaktyczej o nazwie Encompass\u2122 SRS.<\/p>\n\n\n\n<p>Wi\u0119cej informacji:<\/p>\n\n\n\n<figure class=\"wp-block-image size-large\"><a href=\"https:\/\/cqmedical.com\/product.html\"><img loading=\"lazy\" decoding=\"async\" width=\"168\" height=\"49\" src=\"http:\/\/www.healthtech.pl\/wp-content\/uploads\/2024\/08\/CQ_Medical.png\" alt=\"\" class=\"wp-image-604\"\/><\/a><\/figure>\n\n\n\n<p><\/p>\n","protected":false},"excerpt":{"rendered":"<p>Systemy do pozycjonowania i unieruchamiania pacjenta w radioterapii Firma CQ Medical\u2122 \u0142\u0105czy ponad 80 lat innowacji i do\u015bwiadcze\u0144 dw\u00f3ch firm: CIVCO RT\u2122 and Qfix\u00ae, z kt\u00f3rych powsta\u0142a. Firma zaopatruje rynki \u015bwiatowe w produkty dla radioterapii, protonoterapii i brachyterapii&nbsp; Oferowane rozwi\u0105zania s\u0105 innowacyjne technologicznie i skierowane do profesjonalist\u00f3w medycznych. W\u015br\u00f3d produkt\u00f3w firmy CQ Medical\u2122 znajduj\u0105 si\u0119 &hellip; <\/p>\n<p class=\"link-more\"><a href=\"https:\/\/www.healthtech.pl\/?page_id=103\" class=\"more-link\">Czytaj dalej<span class=\"screen-reader-text\"> CQ Medical<\/span><\/a><\/p>\n","protected":false},"author":1,"featured_media":0,"parent":0,"menu_order":0,"comment_status":"closed","ping_status":"closed","template":"","meta":{"footnotes":""},"class_list":["post-103","page","type-page","status-publish","hentry"],"_links":{"self":[{"href":"https:\/\/www.healthtech.pl\/index.php?rest_route=\/wp\/v2\/pages\/103","targetHints":{"allow":["GET"]}}],"collection":[{"href":"https:\/\/www.healthtech.pl\/index.php?rest_route=\/wp\/v2\/pages"}],"about":[{"href":"https:\/\/www.healthtech.pl\/index.php?rest_route=\/wp\/v2\/types\/page"}],"author":[{"embeddable":true,"href":"https:\/\/www.healthtech.pl\/index.php?rest_route=\/wp\/v2\/users\/1"}],"replies":[{"embeddable":true,"href":"https:\/\/www.healthtech.pl\/index.php?rest_route=%2Fwp%2Fv2%2Fcomments&post=103"}],"version-history":[{"count":18,"href":"https:\/\/www.healthtech.pl\/index.php?rest_route=\/wp\/v2\/pages\/103\/revisions"}],"predecessor-version":[{"id":618,"href":"https:\/\/www.healthtech.pl\/index.php?rest_route=\/wp\/v2\/pages\/103\/revisions\/618"}],"wp:attachment":[{"href":"https:\/\/www.healthtech.pl\/index.php?rest_route=%2Fwp%2Fv2%2Fmedia&parent=103"}],"curies":[{"name":"wp","href":"https:\/\/api.w.org\/{rel}","templated":true}]}}