{"id":101,"date":"2017-03-31T11:00:00","date_gmt":"2017-03-31T09:00:00","guid":{"rendered":"http:\/\/www.healthtech.pl\/?page_id=101"},"modified":"2021-01-07T12:36:33","modified_gmt":"2021-01-07T11:36:33","slug":"mie","status":"publish","type":"page","link":"https:\/\/www.healthtech.pl\/?page_id=101","title":{"rendered":"MIE"},"content":{"rendered":"\n<h1 class=\"wp-block-heading\"><strong>MiE &#8211; elektronika obrazowania medycznego<\/strong><\/h1>\n\n\n\n<div class=\"wp-block-image\"><figure class=\"aligncenter\"><img loading=\"lazy\" decoding=\"async\" width=\"380\" height=\"285\" src=\"http:\/\/www.healthtech.pl\/wp-content\/uploads\/2017\/03\/ecam1_1.jpg\" alt=\"\" class=\"wp-image-183\" srcset=\"https:\/\/www.healthtech.pl\/wp-content\/uploads\/2017\/03\/ecam1_1.jpg 380w, https:\/\/www.healthtech.pl\/wp-content\/uploads\/2017\/03\/ecam1_1-300x225.jpg 300w\" sizes=\"auto, (max-width: 380px) 100vw, 380px\" \/><\/figure><\/div>\n\n\n\n<p>Firma MiE produkuje i dostarcza aparatur\u0119 od 1981 roku. Gamma kamery do bada\u0144 planarnych, ca\u0142ego cia\u0142a i SPECT o ma\u0142ym i du\u017cym polu widzenia detektor\u00f3w, jedno- i dwu-g\u0142owicowe s\u0105&nbsp;wyposa\u017cone w systemy komputerowe do akwizycji i opracowywania danych SCINTRON. Ofert\u0119 dope\u0142niaj\u0105 elementy wyposa\u017cenia pracowni diagnostyki i pracowni gor\u0105cej.<\/p>\n\n\n\n<div class=\"wp-block-image\"><figure class=\"alignright\"><img loading=\"lazy\" decoding=\"async\" width=\"300\" height=\"251\" src=\"http:\/\/www.healthtech.pl\/wp-content\/uploads\/2017\/03\/orbiter_1-300x251.jpg\" alt=\"\" class=\"wp-image-184\" srcset=\"https:\/\/www.healthtech.pl\/wp-content\/uploads\/2017\/03\/orbiter_1-300x251.jpg 300w, https:\/\/www.healthtech.pl\/wp-content\/uploads\/2017\/03\/orbiter_1.jpg 380w\" sizes=\"auto, (max-width: 300px) 100vw, 300px\" \/><\/figure><\/div>\n\n\n\n<p><strong>Modele<\/strong><\/p>\n\n\n\n<ul class=\"wp-block-list\"><li>PICOLA\n<ul>\n<li>z detektorem o \u015brednicy 25.4 cm do wykonywania bada\u0144 statycznych, dynamicznych i bramkowanych u pacjent\u00f3w w pozycjach: siedz\u0105cej i le\u017c\u0105cej<\/li>\n<\/ul>\n<\/li><li>SYNGULA\n<ul>\n<li>z detektorem o \u015brednicy 38.7 cm do wykonywania bada\u0144 statycznych, dynamicznych i bramkowanych u pacjent\u00f3w w pozycjach: siedz\u0105cej i le\u017c\u0105cej<\/li>\n<\/ul>\n<\/li><li>DIACAM SCINTRON\n<ul>\n<li>z detektorem prostok\u0105tnym o du\u017cym polu widzenia do wykonywania bada\u0144<\/li>\n<\/ul>\n<\/li><li>SPECT\n<ul>\n<li>ca\u0142ego cia\u0142a, statycznych, dynamicznych i bramkowanych<\/li>\n<\/ul>\n<\/li><li>ECAM SCINTRON\n<ul>\n<li>z jednym lub dwoma detektorami o du\u017cym polu widzenia i zmienn\u0105 geometri\u0105 g\u0142owic do wykonywania bada\u0144 SPECT, ca\u0142ego cia\u0142a, statycznych, dynamicznych i bramkowanych<\/li>\n<\/ul>\n<\/li><li>SCINTRON\n<ul>\n<li>stacja robocza do akwizycji i opracowywania bada\u0144<\/li>\n<\/ul>\n<\/li><li>Akcesoria i ochrona radiologiczna:\n<ul>\n<li>kalibratory dawek, wyposa\u017cenie laboratorium gor\u0105cego, os\u0142ony, \u017ar\u00f3d\u0142a do kalibracji, bramki EKG, sto\u0142y, palety.<\/li>\n<\/ul>\n<\/li><\/ul>\n\n\n\n<div class=\"wp-block-image\"><figure class=\"aligncenter\"><img loading=\"lazy\" decoding=\"async\" width=\"300\" height=\"285\" src=\"http:\/\/www.healthtech.pl\/wp-content\/uploads\/2017\/03\/fusionx00-300x285.jpg\" alt=\"\" class=\"wp-image-182\" srcset=\"https:\/\/www.healthtech.pl\/wp-content\/uploads\/2017\/03\/fusionx00-300x285.jpg 300w, https:\/\/www.healthtech.pl\/wp-content\/uploads\/2017\/03\/fusionx00-768x729.jpg 768w, https:\/\/www.healthtech.pl\/wp-content\/uploads\/2017\/03\/fusionx00.jpg 819w\" sizes=\"auto, (max-width: 300px) 100vw, 300px\" \/><\/figure><\/div>\n\n\n\n<p><br>Wi\u0119cej informacji:<\/p>\n\n\n\n<figure class=\"wp-block-image\"><a href=\"http:\/\/www.miegermany.de\"><img loading=\"lazy\" decoding=\"async\" width=\"300\" height=\"73\" src=\"http:\/\/www.healthtech.pl\/wp-content\/uploads\/2017\/03\/21701f2-300x73.png\" alt=\"\" class=\"wp-image-181\" srcset=\"https:\/\/www.healthtech.pl\/wp-content\/uploads\/2017\/03\/21701f2-300x73.png 300w, https:\/\/www.healthtech.pl\/wp-content\/uploads\/2017\/03\/21701f2.png 646w\" sizes=\"auto, (max-width: 300px) 100vw, 300px\" \/><\/a><\/figure>\n","protected":false},"excerpt":{"rendered":"<p>MiE &#8211; elektronika obrazowania medycznego Firma MiE produkuje i dostarcza aparatur\u0119 od 1981 roku. Gamma kamery do bada\u0144 planarnych, ca\u0142ego cia\u0142a i SPECT o ma\u0142ym i du\u017cym polu widzenia detektor\u00f3w, jedno- i dwu-g\u0142owicowe s\u0105&nbsp;wyposa\u017cone w systemy komputerowe do akwizycji i opracowywania danych SCINTRON. Ofert\u0119 dope\u0142niaj\u0105 elementy wyposa\u017cenia pracowni diagnostyki i pracowni gor\u0105cej. Modele PICOLA z &hellip; <\/p>\n<p class=\"link-more\"><a href=\"https:\/\/www.healthtech.pl\/?page_id=101\" class=\"more-link\">Czytaj dalej<span class=\"screen-reader-text\"> MIE<\/span><\/a><\/p>\n","protected":false},"author":1,"featured_media":0,"parent":0,"menu_order":0,"comment_status":"closed","ping_status":"closed","template":"","meta":{"footnotes":""},"class_list":["post-101","page","type-page","status-publish","hentry"],"_links":{"self":[{"href":"https:\/\/www.healthtech.pl\/index.php?rest_route=\/wp\/v2\/pages\/101","targetHints":{"allow":["GET"]}}],"collection":[{"href":"https:\/\/www.healthtech.pl\/index.php?rest_route=\/wp\/v2\/pages"}],"about":[{"href":"https:\/\/www.healthtech.pl\/index.php?rest_route=\/wp\/v2\/types\/page"}],"author":[{"embeddable":true,"href":"https:\/\/www.healthtech.pl\/index.php?rest_route=\/wp\/v2\/users\/1"}],"replies":[{"embeddable":true,"href":"https:\/\/www.healthtech.pl\/index.php?rest_route=%2Fwp%2Fv2%2Fcomments&post=101"}],"version-history":[{"count":6,"href":"https:\/\/www.healthtech.pl\/index.php?rest_route=\/wp\/v2\/pages\/101\/revisions"}],"predecessor-version":[{"id":476,"href":"https:\/\/www.healthtech.pl\/index.php?rest_route=\/wp\/v2\/pages\/101\/revisions\/476"}],"wp:attachment":[{"href":"https:\/\/www.healthtech.pl\/index.php?rest_route=%2Fwp%2Fv2%2Fmedia&parent=101"}],"curies":[{"name":"wp","href":"https:\/\/api.w.org\/{rel}","templated":true}]}}